{"id":15,"date":"2025-01-14T08:28:43","date_gmt":"2025-01-14T08:28:43","guid":{"rendered":"https:\/\/www.monivoima.fi\/?page_id=15"},"modified":"2025-03-12T08:53:20","modified_gmt":"2025-03-12T08:53:20","slug":"monivoima","status":"publish","type":"page","link":"https:\/\/www.monivoima.fi\/","title":{"rendered":"Kansainv\u00e4liset ty\u00f6yhteis\u00f6t"},"content":{"rendered":"\t\t<div data-elementor-type=\"wp-page\" data-elementor-id=\"15\" class=\"elementor elementor-15\">\n\t\t\t\t<div class=\"elementor-element elementor-element-00732d7 e-flex e-con-boxed e-con e-parent\" data-id=\"00732d7\" data-element_type=\"container\" data-e-type=\"container\" data-settings=\"{&quot;background_background&quot;:&quot;classic&quot;}\">\n\t\t\t\t\t<div class=\"e-con-inner\">\n\t\t\t\t<div class=\"elementor-element elementor-element-2019b36 elementor-widget elementor-widget-heading\" data-id=\"2019b36\" data-element_type=\"widget\" data-e-type=\"widget\" data-widget_type=\"heading.default\">\n\t\t\t\t<div class=\"elementor-widget-container\">\n\t\t\t\t\t<h2 class=\"elementor-heading-title elementor-size-default\">Monivoima<\/h2>\t\t\t\t<\/div>\n\t\t\t\t<\/div>\n\t\t\t\t\t<\/div>\n\t\t\t\t<\/div>\n\t\t<div class=\"elementor-element elementor-element-9fe1b48 e-flex e-con-boxed e-con e-parent\" data-id=\"9fe1b48\" data-element_type=\"container\" data-e-type=\"container\">\n\t\t\t\t\t<div class=\"e-con-inner\">\n\t\t<div class=\"elementor-element elementor-element-5a421bc e-con-full e-flex e-con e-child\" data-id=\"5a421bc\" data-element_type=\"container\" data-e-type=\"container\">\n\t\t\t\t<div class=\"elementor-element elementor-element-faf411c elementor-widget elementor-widget-heading\" data-id=\"faf411c\" data-element_type=\"widget\" data-e-type=\"widget\" data-widget_type=\"heading.default\">\n\t\t\t\t<div class=\"elementor-widget-container\">\n\t\t\t\t\t<h2 class=\"elementor-heading-title elementor-size-default\">Monimuotoiset ty\u00f6yhteis\u00f6t \u2013 onnistumisen kokemuksia ja tukea toteuttamiseen <\/h2>\t\t\t\t<\/div>\n\t\t\t\t<\/div>\n\t\t<div class=\"elementor-element elementor-element-5762611 e-con-full e-flex e-con e-child\" data-id=\"5762611\" data-element_type=\"container\" data-e-type=\"container\">\n\t\t\t\t<div class=\"elementor-element elementor-element-488c806 elementor-widget elementor-widget-text-editor\" data-id=\"488c806\" data-element_type=\"widget\" data-e-type=\"widget\" data-widget_type=\"text-editor.default\">\n\t\t\t\t<div class=\"elementor-widget-container\">\n\t\t\t\t\t\t\t\t\t<p><span data-olk-copy-source=\"MessageBody\">K\u00e4yt\u00e4nn\u00f6n esimerkkej\u00e4 pk-yritysten monimuotoistumisesta, haasteista ja niihin ratkaisuista sek\u00e4 reilun rekrytoinnin toteuttamisesta tutkimuksen, toimintamallien ja k\u00e4yt\u00e4nn\u00f6n n\u00e4k\u00f6kulmista. <\/span><\/p>\t\t\t\t\t\t\t\t<\/div>\n\t\t\t\t<\/div>\n\t\t\t\t<\/div>\n\t\t\t\t<div class=\"elementor-element elementor-element-55653ab elementor-widget elementor-widget-video\" data-id=\"55653ab\" data-element_type=\"widget\" data-e-type=\"widget\" data-settings=\"{&quot;youtube_url&quot;:&quot;https:\\\/\\\/www.youtube.com\\\/watch?v=sJTiWMZb01M&quot;,&quot;video_type&quot;:&quot;youtube&quot;,&quot;controls&quot;:&quot;yes&quot;}\" data-widget_type=\"video.default\">\n\t\t\t\t<div class=\"elementor-widget-container\">\n\t\t\t\t\t\t\t<div class=\"elementor-wrapper elementor-open-inline\">\n\t\t\t<div class=\"elementor-video\"><\/div>\t\t<\/div>\n\t\t\t\t\t\t<\/div>\n\t\t\t\t<\/div>\n\t\t\t\t<\/div>\n\t\t<div class=\"elementor-element elementor-element-aa34a71 e-con-full e-flex e-con e-child\" data-id=\"aa34a71\" data-element_type=\"container\" data-e-type=\"container\">\n\t\t\t\t<div class=\"elementor-element elementor-element-aa2e575 elementor-widget elementor-widget-heading\" data-id=\"aa2e575\" data-element_type=\"widget\" data-e-type=\"widget\" data-widget_type=\"heading.default\">\n\t\t\t\t<div class=\"elementor-widget-container\">\n\t\t\t\t\t<h2 class=\"elementor-heading-title elementor-size-default\">Kansainv\u00e4liset ty\u00f6yhteis\u00f6t \u2013 kipupisteist\u00e4 k\u00e4\u00e4nteentekij\u00e4ksi 29.1.2025<\/h2>\t\t\t\t<\/div>\n\t\t\t\t<\/div>\n\t\t<div class=\"elementor-element elementor-element-7fc0ae5 e-con-full e-flex e-con e-child\" data-id=\"7fc0ae5\" data-element_type=\"container\" data-e-type=\"container\">\n\t\t\t\t<div class=\"elementor-element elementor-element-81c3e6f elementor-widget elementor-widget-text-editor\" data-id=\"81c3e6f\" data-element_type=\"widget\" data-e-type=\"widget\" data-widget_type=\"text-editor.default\">\n\t\t\t\t<div class=\"elementor-widget-container\">\n\t\t\t\t\t\t\t\t\t<p><span data-olk-copy-source=\"MessageBody\">Pia Honkanen Famifarmilta ja Teija Vuontisj\u00e4rvi Servicalta kertovat yritysten kokemuksista monimuotoistumisesta, siihen liittyvist\u00e4 haasteista ja ratkaisuista. \u00a0<\/span><\/p><p>Tilaisuuden j\u00e4rjestiv\u00e4t yhteisty\u00f6ss\u00e4 Kohtautus &#8211; Kest\u00e4v\u00e4\u00e4 ja kehittyv\u00e4\u00e4 osaamista kansainv\u00e4lisen monimuotoisuuden keinoin sek\u00e4 Monivoima \u2013 monimuotoiset ty\u00f6yhteis\u00f6t -voimavarana.<\/p>\t\t\t\t\t\t\t\t<\/div>\n\t\t\t\t<\/div>\n\t\t\t\t<\/div>\n\t\t\t\t<div class=\"elementor-element elementor-element-8e52cdf elementor-widget elementor-widget-video\" data-id=\"8e52cdf\" data-element_type=\"widget\" data-e-type=\"widget\" data-settings=\"{&quot;youtube_url&quot;:&quot;https:\\\/\\\/youtu.be\\\/gaYmzXU-5HA&quot;,&quot;video_type&quot;:&quot;youtube&quot;,&quot;controls&quot;:&quot;yes&quot;}\" data-widget_type=\"video.default\">\n\t\t\t\t<div class=\"elementor-widget-container\">\n\t\t\t\t\t\t\t<div class=\"elementor-wrapper elementor-open-inline\">\n\t\t\t<div class=\"elementor-video\"><\/div>\t\t<\/div>\n\t\t\t\t\t\t<\/div>\n\t\t\t\t<\/div>\n\t\t\t\t<\/div>\n\t\t\t\t\t<\/div>\n\t\t\t\t<\/div>\n\t\t<div class=\"elementor-element elementor-element-727f5e7 e-flex e-con-boxed e-con e-parent\" data-id=\"727f5e7\" data-element_type=\"container\" data-e-type=\"container\">\n\t\t\t\t\t<div class=\"e-con-inner\">\n\t\t<div class=\"elementor-element elementor-element-81952ce e-con-full e-flex e-con e-child\" data-id=\"81952ce\" data-element_type=\"container\" data-e-type=\"container\">\n\t\t\t\t<div class=\"elementor-element elementor-element-f91326e elementor-widget elementor-widget-image\" data-id=\"f91326e\" data-element_type=\"widget\" data-e-type=\"widget\" data-widget_type=\"image.default\">\n\t\t\t\t<div class=\"elementor-widget-container\">\n\t\t\t\t\t\t\t\t\t\t\t\t\t\t\t<img fetchpriority=\"high\" decoding=\"async\" width=\"800\" height=\"168\" src=\"https:\/\/www.monivoima.fi\/wp-content\/uploads\/2025\/03\/FI-Euroopan-unionin-osarahoittama_POS-1606163104-1024x215.png\" class=\"attachment-large size-large wp-image-54\" alt=\"\" srcset=\"https:\/\/www.monivoima.fi\/wp-content\/uploads\/2025\/03\/FI-Euroopan-unionin-osarahoittama_POS-1606163104-1024x215.png 1024w, https:\/\/www.monivoima.fi\/wp-content\/uploads\/2025\/03\/FI-Euroopan-unionin-osarahoittama_POS-1606163104-300x63.png 300w, https:\/\/www.monivoima.fi\/wp-content\/uploads\/2025\/03\/FI-Euroopan-unionin-osarahoittama_POS-1606163104-768x161.png 768w, https:\/\/www.monivoima.fi\/wp-content\/uploads\/2025\/03\/FI-Euroopan-unionin-osarahoittama_POS-1606163104-1536x323.png 1536w, https:\/\/www.monivoima.fi\/wp-content\/uploads\/2025\/03\/FI-Euroopan-unionin-osarahoittama_POS-1606163104.png 2048w\" sizes=\"(max-width: 800px) 100vw, 800px\" \/>\t\t\t\t\t\t\t\t\t\t\t\t\t\t\t<\/div>\n\t\t\t\t<\/div>\n\t\t\t\t<\/div>\n\t\t<div class=\"elementor-element elementor-element-092d74c e-con-full e-flex e-con e-child\" data-id=\"092d74c\" data-element_type=\"container\" data-e-type=\"container\">\n\t\t\t\t<div class=\"elementor-element elementor-element-451c5f0 elementor-widget elementor-widget-heading\" data-id=\"451c5f0\" data-element_type=\"widget\" data-e-type=\"widget\" data-widget_type=\"heading.default\">\n\t\t\t\t<div class=\"elementor-widget-container\">\n\t\t\t\t\t<h2 class=\"elementor-heading-title elementor-size-default\">Yhteydenotot<\/h2>\t\t\t\t<\/div>\n\t\t\t\t<\/div>\n\t\t\t\t<div class=\"elementor-element elementor-element-1be61c5 elementor-widget elementor-widget-text-editor\" data-id=\"1be61c5\" data-element_type=\"widget\" data-e-type=\"widget\" data-widget_type=\"text-editor.default\">\n\t\t\t\t<div class=\"elementor-widget-container\">\n\t\t\t\t\t\t\t\t\t<p>Milja Manninen<\/p><p><span style=\"color: #000000;\"><a style=\"color: #000000;\" href=\"tel:0505998511\">+358 50 599 8511<\/a><\/span><\/p><p><span style=\"color: #000000;\"><a style=\"color: #000000;\" href=\"mailto:milja.manninen@xamk.fi\">milja.manninen@xamk.fi<\/a><\/span><\/p>\t\t\t\t\t\t\t\t<\/div>\n\t\t\t\t<\/div>\n\t\t\t\t<\/div>\n\t\t\t\t\t<\/div>\n\t\t\t\t<\/div>\n\t\t<div class=\"elementor-element elementor-element-08070f1 elementor-hidden-desktop elementor-hidden-tablet elementor-hidden-mobile e-flex e-con-boxed e-con e-parent\" data-id=\"08070f1\" data-element_type=\"container\" data-e-type=\"container\">\n\t\t\t\t\t<div class=\"e-con-inner\">\n\t\t<div class=\"elementor-element elementor-element-8e5662c e-con-full e-flex e-con e-child\" data-id=\"8e5662c\" data-element_type=\"container\" data-e-type=\"container\">\n\t\t\t\t<div class=\"elementor-element elementor-element-e01a19c elementor-widget__width-initial elementor-widget elementor-widget-image\" data-id=\"e01a19c\" data-element_type=\"widget\" data-e-type=\"widget\" data-widget_type=\"image.default\">\n\t\t\t\t<div class=\"elementor-widget-container\">\n\t\t\t\t\t\t\t\t\t\t\t\t\t\t\t<img decoding=\"async\" width=\"725\" height=\"1024\" src=\"https:\/\/www.monivoima.fi\/wp-content\/uploads\/2025\/01\/Tapahtuman-ohjelma-1-725x1024.jpg\" class=\"attachment-large size-large wp-image-29\" alt=\"\" srcset=\"https:\/\/www.monivoima.fi\/wp-content\/uploads\/2025\/01\/Tapahtuman-ohjelma-1-725x1024.jpg 725w, https:\/\/www.monivoima.fi\/wp-content\/uploads\/2025\/01\/Tapahtuman-ohjelma-1-212x300.jpg 212w, https:\/\/www.monivoima.fi\/wp-content\/uploads\/2025\/01\/Tapahtuman-ohjelma-1-768x1084.jpg 768w, https:\/\/www.monivoima.fi\/wp-content\/uploads\/2025\/01\/Tapahtuman-ohjelma-1.jpg 1068w\" sizes=\"(max-width: 725px) 100vw, 725px\" \/>\t\t\t\t\t\t\t\t\t\t\t\t\t\t\t<\/div>\n\t\t\t\t<\/div>\n\t\t\t\t<\/div>\n\t\t<div class=\"elementor-element elementor-element-b14f309 e-con-full e-flex e-con e-child\" data-id=\"b14f309\" data-element_type=\"container\" data-e-type=\"container\">\n\t\t\t\t<div class=\"elementor-element elementor-element-e857cb7 elementor-widget elementor-widget-video\" data-id=\"e857cb7\" data-element_type=\"widget\" data-e-type=\"widget\" data-settings=\"{&quot;youtube_url&quot;:&quot;https:\\\/\\\/youtu.be\\\/gaYmzXU-5HA&quot;,&quot;video_type&quot;:&quot;youtube&quot;,&quot;controls&quot;:&quot;yes&quot;}\" data-widget_type=\"video.default\">\n\t\t\t\t<div class=\"elementor-widget-container\">\n\t\t\t\t\t\t\t<div class=\"elementor-wrapper elementor-open-inline\">\n\t\t\t<div class=\"elementor-video\"><\/div>\t\t<\/div>\n\t\t\t\t\t\t<\/div>\n\t\t\t\t<\/div>\n\t\t\t\t<div class=\"elementor-element elementor-element-c84873a elementor-widget elementor-widget-html\" data-id=\"c84873a\" data-element_type=\"widget\" data-e-type=\"widget\" data-widget_type=\"html.default\">\n\t\t\t\t<div class=\"elementor-widget-container\">\n\t\t\t\t\t<iframe src=\"https:\/\/sameeyesverkkosivut.fi\/SEChat\/index.html?channel_id=38\" \n        width=\"100%\" \n        height=\"520\" \n        style=\"border: none;\"><\/iframe>\n\t\t\t\t<\/div>\n\t\t\t\t<\/div>\n\t\t\t\t<\/div>\n\t\t\t\t\t<\/div>\n\t\t\t\t<\/div>\n\t\t<div class=\"elementor-element elementor-element-c2abb35 e-con-full e-flex e-con e-parent\" data-id=\"c2abb35\" data-element_type=\"container\" data-e-type=\"container\" data-settings=\"{&quot;background_background&quot;:&quot;classic&quot;}\">\n\t\t\t\t<div class=\"elementor-element elementor-element-09791a8 elementor-widget__width-initial elementor-widget elementor-widget-image\" data-id=\"09791a8\" data-element_type=\"widget\" data-e-type=\"widget\" data-widget_type=\"image.default\">\n\t\t\t\t<div class=\"elementor-widget-container\">\n\t\t\t\t\t\t\t\t\t\t\t\t\t\t\t\t<a href=\"https:\/\/same-eyes.com\/\" target=\"_blank\">\n\t\t\t\t\t\t\t<img decoding=\"async\" width=\"800\" height=\"535\" src=\"https:\/\/www.monivoima.fi\/wp-content\/uploads\/2025\/01\/Same-eYes-mainostoimisto-stroke-1024x685-1.webp\" class=\"attachment-large size-large wp-image-25\" alt=\"\" srcset=\"https:\/\/www.monivoima.fi\/wp-content\/uploads\/2025\/01\/Same-eYes-mainostoimisto-stroke-1024x685-1.webp 1024w, https:\/\/www.monivoima.fi\/wp-content\/uploads\/2025\/01\/Same-eYes-mainostoimisto-stroke-1024x685-1-300x201.webp 300w, https:\/\/www.monivoima.fi\/wp-content\/uploads\/2025\/01\/Same-eYes-mainostoimisto-stroke-1024x685-1-768x514.webp 768w\" sizes=\"(max-width: 800px) 100vw, 800px\" \/>\t\t\t\t\t\t\t\t<\/a>\n\t\t\t\t\t\t\t\t\t\t\t\t\t\t\t<\/div>\n\t\t\t\t<\/div>\n\t\t\t\t<\/div>\n\t\t\t\t<\/div>\n\t\t","protected":false},"excerpt":{"rendered":"<p>Monivoima Monimuotoiset ty\u00f6yhteis\u00f6t \u2013 onnistumisen kokemuksia ja tukea toteuttamiseen K\u00e4yt\u00e4nn\u00f6n esimerkkej\u00e4 pk-yritysten monimuotoistumisesta, haasteista ja niihin ratkaisuista sek\u00e4 reilun rekrytoinnin toteuttamisesta tutkimuksen, toimintamallien ja k\u00e4yt\u00e4nn\u00f6n n\u00e4k\u00f6kulmista. https:\/\/www.youtube.com\/watch?v=sJTiWMZb01M Kansainv\u00e4liset ty\u00f6yhteis\u00f6t \u2013 kipupisteist\u00e4 k\u00e4\u00e4nteentekij\u00e4ksi 29.1.2025 Pia Honkanen Famifarmilta ja Teija Vuontisj\u00e4rvi Servicalta kertovat yritysten kokemuksista monimuotoistumisesta, siihen liittyvist\u00e4 haasteista ja ratkaisuista. \u00a0 Tilaisuuden j\u00e4rjestiv\u00e4t yhteisty\u00f6ss\u00e4 Kohtautus &#8211; [&hellip;]<\/p>\n","protected":false},"author":1,"featured_media":0,"parent":0,"menu_order":0,"comment_status":"closed","ping_status":"closed","template":"","meta":{"footnotes":""},"class_list":["post-15","page","type-page","status-publish","hentry"],"_links":{"self":[{"href":"https:\/\/www.monivoima.fi\/index.php?rest_route=\/wp\/v2\/pages\/15","targetHints":{"allow":["GET"]}}],"collection":[{"href":"https:\/\/www.monivoima.fi\/index.php?rest_route=\/wp\/v2\/pages"}],"about":[{"href":"https:\/\/www.monivoima.fi\/index.php?rest_route=\/wp\/v2\/types\/page"}],"author":[{"embeddable":true,"href":"https:\/\/www.monivoima.fi\/index.php?rest_route=\/wp\/v2\/users\/1"}],"replies":[{"embeddable":true,"href":"https:\/\/www.monivoima.fi\/index.php?rest_route=%2Fwp%2Fv2%2Fcomments&post=15"}],"version-history":[{"count":34,"href":"https:\/\/www.monivoima.fi\/index.php?rest_route=\/wp\/v2\/pages\/15\/revisions"}],"predecessor-version":[{"id":65,"href":"https:\/\/www.monivoima.fi\/index.php?rest_route=\/wp\/v2\/pages\/15\/revisions\/65"}],"wp:attachment":[{"href":"https:\/\/www.monivoima.fi\/index.php?rest_route=%2Fwp%2Fv2%2Fmedia&parent=15"}],"curies":[{"name":"wp","href":"https:\/\/api.w.org\/{rel}","templated":true}]}}